{"id":15090,"date":"2026-03-30T19:21:40","date_gmt":"2026-03-30T22:21:40","guid":{"rendered":"https:\/\/augurajoyas.com\/?post_type=product&#038;p=15090"},"modified":"2026-03-30T19:26:51","modified_gmt":"2026-03-30T22:26:51","slug":"semilla","status":"publish","type":"product","link":"https:\/\/augurajoyas.com\/index.php\/product\/semilla\/","title":{"rendered":"Semilla"},"content":{"rendered":"<p>Colgante de \u00e1gata magenta con base de plata 950 y resaltes en oro 18K martillado. La \u00e1gata pende de un zirc\u00f3n blanco en forma de pera invertida.<\/p>\n<p>Longitud total 7 cm.<\/p>\n","protected":false},"excerpt":{"rendered":"<p>Colgante de \u00e1gata magenta con base de plata 950 y resaltes en oro 18K martillado. La \u00e1gata pende de un zirc\u00f3n blanco en forma de pera invertida.<\/p>\n","protected":false},"featured_media":15089,"comment_status":"open","ping_status":"closed","template":"","meta":[],"product_brand":[110],"product_cat":[140],"product_tag":[116,143],"class_list":{"0":"post-15090","1":"product","2":"type-product","3":"status-publish","4":"has-post-thumbnail","6":"product_brand-augura-joyas","7":"product_cat-colgantes","8":"product_tag-coleccion-primavera","9":"product_tag-colgantes","11":"first","12":"instock","13":"featured","14":"sold-individually","15":"shipping-taxable","16":"purchasable","17":"product-type-simple"},"_links":{"self":[{"href":"https:\/\/augurajoyas.com\/index.php\/wp-json\/wp\/v2\/product\/15090","targetHints":{"allow":["GET"]}}],"collection":[{"href":"https:\/\/augurajoyas.com\/index.php\/wp-json\/wp\/v2\/product"}],"about":[{"href":"https:\/\/augurajoyas.com\/index.php\/wp-json\/wp\/v2\/types\/product"}],"replies":[{"embeddable":true,"href":"https:\/\/augurajoyas.com\/index.php\/wp-json\/wp\/v2\/comments?post=15090"}],"wp:featuredmedia":[{"embeddable":true,"href":"https:\/\/augurajoyas.com\/index.php\/wp-json\/wp\/v2\/media\/15089"}],"wp:attachment":[{"href":"https:\/\/augurajoyas.com\/index.php\/wp-json\/wp\/v2\/media?parent=15090"}],"wp:term":[{"taxonomy":"product_brand","embeddable":true,"href":"https:\/\/augurajoyas.com\/index.php\/wp-json\/wp\/v2\/product_brand?post=15090"},{"taxonomy":"product_cat","embeddable":true,"href":"https:\/\/augurajoyas.com\/index.php\/wp-json\/wp\/v2\/product_cat?post=15090"},{"taxonomy":"product_tag","embeddable":true,"href":"https:\/\/augurajoyas.com\/index.php\/wp-json\/wp\/v2\/product_tag?post=15090"}],"curies":[{"name":"wp","href":"https:\/\/api.w.org\/{rel}","templated":true}]}}