{"id":267,"date":"2014-08-28T08:48:27","date_gmt":"2014-08-28T08:48:27","guid":{"rendered":"http:\/\/localhost\/redux\/?page_id=267"},"modified":"2026-04-01T14:30:21","modified_gmt":"2026-04-01T17:30:21","slug":"contacto","status":"publish","type":"page","link":"https:\/\/augurajoyas.com\/index.php\/contacto\/","title":{"rendered":"Contacto"},"content":{"rendered":"<div class=\"wpb-content-wrapper\">[vc_row css=&#8221;.vc_custom_1526636042224{margin-top: 30px !important;}&#8221;][vc_column][vc_gmaps link=&#8221;#E-8_JTNDaWZyYW1lJTIwc3JjJTNEJTIyaHR0cHMlM0ElMkYlMkZ3d3cuZ29vZ2xlLmNvbSUyRm1hcHMlMkZlbWJlZCUzRnBiJTNEJTIxMW0xOCUyMTFtMTIlMjExbTMlMjExZDU0MjYuMzUyNDI4MTQzNjkzJTIxMmQtNzAuMzI2MzU3NTk2MjEzNTclMjEzZC0yNy4zNzQ4OTg2MzI4NzAzMzclMjEybTMlMjExZjAlMjEyZjAlMjEzZjAlMjEzbTIlMjExaTEwMjQlMjEyaTc2OCUyMTRmMTMuMSUyMTNtMyUyMTFtMiUyMTFzMHg5Njk4MDQwYjJkMzE2ZDcxJTI1M0EweGY4MDU5NmMwZjFhNDBmN2ElMjEyc0NvcGlhcCUyNUMzJTI1QjMlMjUyQyUyNTIwQXRhY2FtYSUyNTJDJTI1MjBDaGlsZSUyMTVlMCUyMTNtMiUyMTFzZXMtNDE5JTIxMnNlYyUyMTR2MTc2NDM1OTA1NDgzOSUyMTVtMiUyMTFzZXMtNDE5JTIxMnNlYyUyMiUyMHdpZHRoJTNEJTIyNjAwJTIyJTIwaGVpZ2h0JTNEJTIyNDUwJTIyJTIwc3R5bGUlM0QlMjJib3JkZXIlM0EwJTNCJTIyJTIwYWxsb3dmdWxsc2NyZWVuJTNEJTIyJTIyJTIwbG9hZGluZyUzRCUyMmxhenklMjIlMjByZWZlcnJlcnBvbGljeSUzRCUyMm5vLXJlZmVycmVyLXdoZW4tZG93bmdyYWRlJTIyJTNFJTNDJTJGaWZyYW1lJTNF&#8221; css=&#8221;.vc_custom_1774229239805{margin-bottom: 0px !important;}&#8221;][\/vc_column][\/vc_row][vc_row el_class=&#8221;page-contact&#8221; css=&#8221;.vc_custom_1530520494931{margin-bottom: 0px !important;padding-bottom: 80px !important;}&#8221;][vc_column width=&#8221;1\/2&#8243; el_class=&#8221;contact-form&#8221;][vc_column_text css=&#8221;&#8221;]\n<h2>Haznos saber tu requerimiento<\/h2>\n[\/vc_column_text]\n<div class=\"wpcf7 no-js\" id=\"wpcf7-f14883-o1\" lang=\"en-US\" dir=\"ltr\" data-wpcf7-id=\"14883\">\n<div class=\"screen-reader-response\"><p role=\"status\" aria-live=\"polite\" aria-atomic=\"true\"><\/p> <ul><\/ul><\/div>\n<form action=\"\/index.php\/wp-json\/wp\/v2\/pages\/267#wpcf7-f14883-o1\" method=\"post\" class=\"wpcf7-form init\" aria-label=\"Contact form\" novalidate=\"novalidate\" data-status=\"init\">\n<fieldset class=\"hidden-fields-container\"><input type=\"hidden\" name=\"_wpcf7\" value=\"14883\" \/><input type=\"hidden\" name=\"_wpcf7_version\" value=\"6.1.5\" \/><input type=\"hidden\" name=\"_wpcf7_locale\" value=\"en_US\" \/><input type=\"hidden\" name=\"_wpcf7_unit_tag\" value=\"wpcf7-f14883-o1\" \/><input type=\"hidden\" name=\"_wpcf7_container_post\" value=\"0\" \/><input type=\"hidden\" name=\"_wpcf7_posted_data_hash\" value=\"\" \/>\n<\/fieldset>\n<div class=\"contact-input\">\n\t<p><span class=\"wpcf7-form-control-wrap\" data-name=\"first-name\"><input size=\"40\" maxlength=\"400\" class=\"wpcf7-form-control wpcf7-text wpcf7-validates-as-required\" aria-required=\"true\" aria-invalid=\"false\" placeholder=\"Nombre *\" value=\"\" type=\"text\" name=\"first-name\" \/><\/span><span class=\"wpcf7-form-control-wrap\" data-name=\"last-name\"><input size=\"40\" maxlength=\"400\" class=\"wpcf7-form-control wpcf7-text wpcf7-validates-as-required\" aria-required=\"true\" aria-invalid=\"false\" placeholder=\"Apellildo *\" value=\"\" type=\"text\" name=\"last-name\" \/><\/span><span class=\"wpcf7-form-control-wrap\" data-name=\"your-email\"><input size=\"40\" maxlength=\"400\" class=\"wpcf7-form-control wpcf7-email wpcf7-validates-as-required wpcf7-text wpcf7-validates-as-email\" aria-required=\"true\" aria-invalid=\"false\" placeholder=\"Correo Electr\u00f3nico *\" value=\"\" type=\"email\" name=\"your-email\" \/><\/span><span class=\"wpcf7-form-control-wrap\" data-name=\"your-subject\"><input size=\"40\" maxlength=\"400\" class=\"wpcf7-form-control wpcf7-text wpcf7-validates-as-required\" aria-required=\"true\" aria-invalid=\"false\" placeholder=\"Tema *\" value=\"\" type=\"text\" name=\"your-subject\" \/><\/span>\n\t<\/p>\n<\/div>\n<div class=\"contact-message\">\n\t<p><span class=\"wpcf7-form-control-wrap\" data-name=\"your-message\"><textarea cols=\"40\" rows=\"10\" maxlength=\"2000\" class=\"wpcf7-form-control wpcf7-textarea wpcf7-validates-as-required\" aria-required=\"true\" aria-invalid=\"false\" placeholder=\"Mensaje *\" name=\"your-message\"><\/textarea><\/span>\n\t<\/p>\n<\/div>\n<div class=\"contact-submit\">\n\t<p><input class=\"wpcf7-form-control wpcf7-submit has-spinner button\" type=\"submit\" value=\"Enviar\" \/>\n\t<\/p>\n<\/div><div class=\"wpcf7-response-output\" aria-hidden=\"true\"><\/div>\n<\/form>\n<\/div>\n[\/vc_column][vc_column width=&#8221;1\/2&#8243; el_class=&#8221;contact-infor&#8221;][vc_column_text css=&#8221;&#8221;]\n<h2>Cont\u00e1ctanos<\/h2>\n[\/vc_column_text][vc_column_text css=&#8221;&#8221;]<strong data-start=\"56\" data-end=\"97\">En Augura Joyas estamos aqu\u00ed para ti.<\/strong> Si deseas descubrir m\u00e1s sobre nuestras joyas, puedes escrib\u00edrnos para resolver cualquier duda, nuestro equipo estar\u00e1 encantado de acompa\u00f1arte; nos pondremos en contacto contigo lo antes posible. Tu experiencia es nuestra prioridad, y nos comprometemos a brindarte una atenci\u00f3n cercana, c\u00e1lida y con el toque distintivo que caracteriza a Augura Joyas.[\/vc_column_text][vc_column_text css=&#8221;&#8221; el_class=&#8221;address&#8221;]\n<ul>\n<li><i class=\"fa fa-fax\">\u00a0<\/i> Direcci\u00f3n :\u00a0 Atacama &#8211; Chile<\/li>\n<li><i class=\"fa fa-phone\">\u00a0<\/i> +(56) 9 7617 9543<\/li>\n<li><i class=\"fa fa-envelope-o\">\u00a0<\/i> Info@augurajoyas.com<\/li>\n<\/ul>\n[\/vc_column_text][vc_column_text css=&#8221;&#8221;]\n<h3><strong>Horarios de Atenci\u00f3n<\/strong><\/h3>\n<p><strong>Lunes a S\u00e1bado<\/strong>: \u00a008AM &#8211; 22PM[\/vc_column_text][\/vc_column][\/vc_row]\n<\/div>","protected":false},"excerpt":{"rendered":"<p>[vc_row css=&#8221;.vc_custom_1526636042224{margin-top: 30px !important;}&#8221;][vc_column][vc_gmaps link=&#8221;#E-8_JTNDaWZyYW1lJTIwc3JjJTNEJTIyaHR0cHMlM0ElMkYlMkZ3d3cuZ29vZ2xlLmNvbSUyRm1hcHMlMkZlbWJlZCUzRnBiJTNEJTIxMW0xOCUyMTFtMTIlMjExbTMlMjExZDU0MjYuMzUyNDI4MTQzNjkzJTIxMmQtNzAuMzI2MzU3NTk2MjEzNTclMjEzZC0yNy4zNzQ4OTg2MzI4NzAzMzclMjEybTMlMjExZjAlMjEyZjAlMjEzZjAlMjEzbTIlMjExaTEwMjQlMjEyaTc2OCUyMTRmMTMuMSUyMTNtMyUyMTFtMiUyMTFzMHg5Njk4MDQwYjJkMzE2ZDcxJTI1M0EweGY4MDU5NmMwZjFhNDBmN2ElMjEyc0NvcGlhcCUyNUMzJTI1QjMlMjUyQyUyNTIwQXRhY2FtYSUyNTJDJTI1MjBDaGlsZSUyMTVlMCUyMTNtMiUyMTFzZXMtNDE5JTIxMnNlYyUyMTR2MTc2NDM1OTA1NDgzOSUyMTVtMiUyMTFzZXMtNDE5JTIxMnNlYyUyMiUyMHdpZHRoJTNEJTIyNjAwJTIyJTIwaGVpZ2h0JTNEJTIyNDUwJTIyJTIwc3R5bGUlM0QlMjJib3JkZXIlM0EwJTNCJTIyJTIwYWxsb3dmdWxsc2NyZWVuJTNEJTIyJTIyJTIwbG9hZGluZyUzRCUyMmxhenklMjIlMjByZWZlcnJlcnBvbGljeSUzRCUyMm5vLXJlZmVycmVyLXdoZW4tZG93bmdyYWRlJTIyJTNFJTNDJTJGaWZyYW1lJTNF&#8221; css=&#8221;.vc_custom_1774229239805{margin-bottom: 0px !important;}&#8221;][\/vc_column][\/vc_row][vc_row el_class=&#8221;page-contact&#8221; css=&#8221;.vc_custom_1530520494931{margin-bottom: 0px !important;padding-bottom: 80px !important;}&#8221;][vc_column width=&#8221;1\/2&#8243; el_class=&#8221;contact-form&#8221;][vc_column_text css=&#8221;&#8221;] Haznos saber tu requerimiento [\/vc_column_text][\/vc_column][vc_column<\/p>\n","protected":false},"author":1,"featured_media":0,"parent":0,"menu_order":0,"comment_status":"open","ping_status":"open","template":"page-templates\/contact-page.php","meta":{"footnotes":""},"class_list":["post-267","page","type-page","status-publish","hentry"],"_links":{"self":[{"href":"https:\/\/augurajoyas.com\/index.php\/wp-json\/wp\/v2\/pages\/267","targetHints":{"allow":["GET"]}}],"collection":[{"href":"https:\/\/augurajoyas.com\/index.php\/wp-json\/wp\/v2\/pages"}],"about":[{"href":"https:\/\/augurajoyas.com\/index.php\/wp-json\/wp\/v2\/types\/page"}],"author":[{"embeddable":true,"href":"https:\/\/augurajoyas.com\/index.php\/wp-json\/wp\/v2\/users\/1"}],"replies":[{"embeddable":true,"href":"https:\/\/augurajoyas.com\/index.php\/wp-json\/wp\/v2\/comments?post=267"}],"version-history":[{"count":5,"href":"https:\/\/augurajoyas.com\/index.php\/wp-json\/wp\/v2\/pages\/267\/revisions"}],"predecessor-version":[{"id":15117,"href":"https:\/\/augurajoyas.com\/index.php\/wp-json\/wp\/v2\/pages\/267\/revisions\/15117"}],"wp:attachment":[{"href":"https:\/\/augurajoyas.com\/index.php\/wp-json\/wp\/v2\/media?parent=267"}],"curies":[{"name":"wp","href":"https:\/\/api.w.org\/{rel}","templated":true}]}}