{"id":1977,"date":"2014-12-12T03:12:20","date_gmt":"2014-12-12T03:12:20","guid":{"rendered":"http:\/\/localhost\/vanesa\/?page_id=1977"},"modified":"2026-04-01T16:10:59","modified_gmt":"2026-04-01T19:10:59","slug":"sobre-nosotros","status":"publish","type":"page","link":"https:\/\/augurajoyas.com\/index.php\/sobre-nosotros\/","title":{"rendered":"Sobre Nosotros"},"content":{"rendered":"<div class=\"wpb-content-wrapper\">[vc_row css=&#8221;.vc_custom_1535775257883{margin-bottom: 50px !important;}&#8221;][vc_column][vc_single_image image=&#8221;15012&#8243; img_size=&#8221;full&#8221; alignment=&#8221;center&#8221; css=&#8221;.vc_custom_1774230233586{margin-bottom: 15px !important;}&#8221;][vc_custom_heading text=&#8221;Bienvenidos a Augura Joyas&#8221; font_container=&#8221;tag:h2|text_align:center&#8221; use_theme_fonts=&#8221;yes&#8221; css=&#8221;.vc_custom_1774235502640{margin-bottom: 15px !important;}&#8221;][vc_column_text css=&#8221;.vc_custom_1774230325027{margin-bottom: 0px !important;}&#8221;]\n<p class=\"p1\"><strong>Augura Joyas<\/strong> nace de la pasi\u00f3n compartida entre padre e hija, uniendo experiencia artesanal y una visi\u00f3n contempor\u00e1nea del dise\u00f1o de joyas.<\/p>\n<p class=\"p1\">Los primeros pasos en orfebrer\u00eda de mi pap\u00e1 se remontan en nuestro pa\u00eds natal Ecuador, donde fabricaba pulseras de acero quir\u00fargico con incrustaciones oro.<\/p>\n<p class=\"p1\">Por cuestiones del destino, empezamos una nueva vida en Chile hace 25 a\u00f1os, donde mi padre fue perfeccionando su arte incorporando t\u00e9cnicas propias en cada joya que elaboraba, yo siendo testigo del proceso creativo que esto conlleva, enamor\u00e1ndome tambi\u00e9n de los colores, texturas y dise\u00f1os de los metales y piedras de todo tipo.<\/p>\n<p class=\"p1\">Para nosotros, cada joya es una expresi\u00f3n de elegancia, exclusividad y creatividad que te acompa\u00f1a en tu d\u00eda a d\u00eda.<\/p>\n<p style=\"text-align: center;\"><strong><span style=\"color: #33a3b9;\"><em>\u201cEl nombre Augura rinde homenaje a mi padre y a su trayectoria en este hermoso mundo de la joyer\u00eda.\u201d<\/em><\/span><\/strong><\/p>\n[\/vc_column_text][\/vc_column][\/vc_row][vc_row el_class=&#8221;content-about2&#8243; css=&#8221;.vc_custom_1541390333045{margin-bottom: 30px !important;padding-top: 0px !important;padding-bottom: 0px !important;}&#8221;][vc_column][vc_custom_heading text=&#8221;\u00bfPor qu\u00e9 escogernos?&#8221; font_container=&#8221;tag:h2|text_align:center&#8221; use_theme_fonts=&#8221;yes&#8221; css=&#8221;&#8221;][\/vc_column][vc_column width=&#8221;1\/3&#8243; el_class=&#8221;box-left&#8221;][vc_column_text css=&#8221;.vc_custom_1775058901504{margin-bottom: 20px !important;padding-right: 15px !important;padding-left: 15px !important;}&#8221;]\n<h5 style=\"text-align: center; margin-bottom: 10px;\"><img loading=\"lazy\" decoding=\"async\" class=\"size-full wp-image-15113 aligncenter\" src=\"https:\/\/augurajoyas.com\/wp-content\/uploads\/2026\/04\/diseno-creativo-1.jpg\" alt=\"\" width=\"100\" height=\"100\" \/><\/h5>\n<h5 style=\"text-align: center; margin-bottom: 10px;\">Dise\u00f1o Creativo<\/h5>\n<p style=\"text-align: center;\">El dise\u00f1o art\u00edstico de <strong data-start=\"23\" data-end=\"33\">Augura Joyas<\/strong> est\u00e1 creada con detalles minuciosos que reflejan un lujo sutil y significativo. <strong>Augura Joyas<\/strong> convierte la joyer\u00eda en un lenguaje visual que celebra la individualidad, evocando historias personales a trav\u00e9s de formas armoniosas y materiales cuidadosamente seleccionados.<\/p>\n<p>\u00a0[\/vc_column_text][\/vc_column][vc_column width=&#8221;1\/3&#8243;][vc_column_text css=&#8221;.vc_custom_1775058975549{margin-bottom: 20px !important;padding-right: 15px !important;padding-left: 15px !important;}&#8221;]\n<h5 style=\"text-align: center; margin-bottom: 10px;\"><img loading=\"lazy\" decoding=\"async\" class=\"size-full wp-image-15110 aligncenter\" src=\"https:\/\/augurajoyas.com\/wp-content\/uploads\/2026\/04\/diseno-creativo.jpg\" alt=\"\" width=\"100\" height=\"100\" \/><\/h5>\n<h5 style=\"text-align: center; margin-bottom: 10px;\">Garant\u00eda de Satisfacci\u00f3n<\/h5>\n<p style=\"text-align: center;\">Disfruta de nuestra <strong data-start=\"20\" data-end=\"48\">garant\u00eda de satisfacci\u00f3n<\/strong> pensada especialmente para tu tranquilidad: al adquirir tu joya, recibir\u00e1s <strong data-start=\"124\" data-end=\"162\">el primer pulido totalmente gratis<\/strong>. Queremos que tu pieza luzca siempre como nueva, por eso te ofrecemos este servicio sin costo adicional, asegur\u00e1ndonos de que quedes completamente encantado con su brillo y acabado.<\/p>\n[\/vc_column_text][\/vc_column][vc_column width=&#8221;1\/3&#8243;][vc_column_text css=&#8221;.vc_custom_1775059725751{margin-bottom: 20px !important;padding-right: 15px !important;padding-left: 15px !important;}&#8221;]\n<h5 style=\"text-align: center; margin-bottom: 10px;\"><img loading=\"lazy\" decoding=\"async\" class=\"alignnone size-full wp-image-15112\" src=\"https:\/\/augurajoyas.com\/wp-content\/uploads\/2026\/04\/soporte-1.jpg\" alt=\"\" width=\"100\" height=\"100\" \/><\/h5>\n<h5 style=\"text-align: center; margin-bottom: 10px;\">Soporte y asesor\u00eda online<\/h5>\n<p style=\"text-align: center;\">Con Joyas Augura cuentas con <strong data-start=\"29\" data-end=\"58\">soporte y asesor\u00eda online<\/strong> para resolver cualquier duda durante tu proceso de compra o consulta. Nuestro equipo est\u00e1 siempre disponible para ayudarte a elegir la pieza ideal, brindarte informaci\u00f3n clara y acompa\u00f1arte en cada paso, asegurando una experiencia de compra segura, confiable y personalizada.<\/p>\n[\/vc_column_text][\/vc_column][\/vc_row][vc_row el_class=&#8221;content-about3&#8243; css=&#8221;.vc_custom_1537239115119{margin-bottom: 15px !important;}&#8221;][vc_column width=&#8221;1\/3&#8243; el_class=&#8221;box-left&#8221;][vc_single_image image=&#8221;15016&#8243; img_size=&#8221;full&#8221; alignment=&#8221;center&#8221; css=&#8221;.vc_custom_1774236066777{margin-bottom: 20px !important;}&#8221;][vc_column_text css=&#8221;.vc_custom_1774230536167{margin-bottom: 30px !important;}&#8221;]\n<h5 style=\"text-align: center; margin-bottom: 10px;\">Nuestra Misi\u00f3n<\/h5>\n<p style=\"text-align: center;\">Ofrecer una experiencia de lujo silencioso que se distinga por la excelencia, el cuidado en cada detalle y la tranquilidad que acompa\u00f1a cada interacci\u00f3n, creando un recorrido impecable de principio a fin.<\/p>\n[\/vc_column_text][\/vc_column][vc_column width=&#8221;1\/3&#8243;][vc_single_image image=&#8221;15017&#8243; img_size=&#8221;full&#8221; alignment=&#8221;center&#8221; css=&#8221;.vc_custom_1774236097433{margin-bottom: 20px !important;}&#8221;][vc_column_text css=&#8221;.vc_custom_1774230564233{margin-bottom: 30px !important;}&#8221;]\n<h5 style=\"text-align: center; margin-bottom: 10px;\">Nuestra Visi\u00f3n<\/h5>\n<p style=\"text-align: center;\">Expandir el legado de la joyer\u00eda artesanal, llevando su autenticidad y maestr\u00eda a nuevas generaciones y mercados, preservando sus t\u00e9cnicas tradicionales mientras innovamos para mantener vivo un arte que trasciende el tiempo.<\/p>\n[\/vc_column_text][\/vc_column][vc_column width=&#8221;1\/3&#8243;][vc_single_image image=&#8221;15015&#8243; img_size=&#8221;full&#8221; alignment=&#8221;center&#8221; css=&#8221;.vc_custom_1774236120329{margin-bottom: 20px !important;}&#8221;][vc_column_text css=&#8221;.vc_custom_1774236183858{margin-bottom: 30px !important;}&#8221;]\n<h5 style=\"text-align: center; margin-bottom: 10px;\">Nuestros Valores<\/h5>\n<p style=\"text-align: center;\">Nuestros valores se basan en la autenticidad, la excelencia artesanal y la atenci\u00f3n consciente a cada detalle, gui\u00e1ndonos a crear piezas y experiencias que honran la tradici\u00f3n, inspiran confianza y celebran la belleza atemporal.<\/p>\n[\/vc_column_text][\/vc_column][\/vc_row][vc_row el_class=&#8221;testimonials-container&#8221; css=&#8221;.vc_custom_1539919102660{margin-bottom: 0px !important;}&#8221;][vc_column el_class=&#8221;about-help&#8221;][vc_custom_heading text=&#8221;\u00bfQu\u00e9 dicen nuestros clientes sobre nuestras joyas?&#8221; font_container=&#8221;tag:h2|text_align:center&#8221; use_theme_fonts=&#8221;yes&#8221; css=&#8221;.vc_custom_1774230644001{margin-bottom: 15px !important;}&#8221;]<div class=\"widget widget_woothemes_testimonials\">\n<div class=\"testimonials component effect-fade\">\n<div class=\"testimonials-list\">\n<div id=\"quote-1001\" class=\"quote first\" itemprop=\"review\" itemscope itemtype=\"http:\/\/schema.org\/Review\"><blockquote class=\"testimonials-text\" itemprop=\"reviewBody\"><p style=\"text-align: center;\">En el mundo de las joyas, la confianza es un factor crucial para el \u00e9xito. Yo no solo quer\u00eda una joya hermosa; tambi\u00e9n quer\u00eda sentir que estaba haciendo una elecci\u00f3n inteligente. Estoy muy feliz y satisfecho de la joya que adquir\u00ed en Augura Joyas. Muchas Gracias.<\/p>\n<\/blockquote><img loading=\"lazy\" decoding=\"async\" width=\"50\" height=\"50\" src=\"https:\/\/augurajoyas.com\/wp-content\/uploads\/2014\/10\/testimonial_avatar1.png\" class=\"avatar wp-post-image\" alt=\"\" \/> <cite class=\"author\" itemprop=\"author\" itemscope itemtype=\"http:\/\/schema.org\/Person\"><span itemprop=\"name\">Jos\u00e9 Intriago<\/span> <span class=\"title\" itemprop=\"jobTitle\">Jos\u00e9 Intriago<\/span><!--\/.title-->\n<\/cite><!--\/.author-->\n<\/div><div id=\"quote-1609\" class=\"quote\" itemprop=\"review\" itemscope itemtype=\"http:\/\/schema.org\/Review\"><blockquote class=\"testimonials-text\" itemprop=\"reviewBody\"><p style=\"text-align: center;\">Recib\u00ed un regalo de mis hijos por el d\u00eda de la madre, me dio tanta emoci\u00f3n porque el dije de coraz\u00f3n no solo es un joya sino que es un s\u00edmbolo con el nombre de mis hijos&#8221;. Recomiendo Augura Joyas porque hacen entrega a domicilio y hacen productos 100% personalizados para entregar a un ser querido.<\/p>\n<\/blockquote><a href=\"http:\/\/roadthemes.com\/\" class=\"avatar-link\"><img loading=\"lazy\" decoding=\"async\" width=\"50\" height=\"50\" src=\"https:\/\/augurajoyas.com\/wp-content\/uploads\/2014\/11\/testimonial_avatar2.jpg\" class=\"avatar wp-post-image\" alt=\"\" \/><\/a> <cite class=\"author\" itemprop=\"author\" itemscope itemtype=\"http:\/\/schema.org\/Person\"><span itemprop=\"name\">Elizabeth Maldonado<\/span> <span class=\"title\" itemprop=\"jobTitle\">Elizabeth Maldonado<\/span><!--\/.title-->\n <span class=\"url\"><a href=\"http:\/\/roadthemes.com\/\" itemprop=\"url\">http:\/\/roadthemes.com\/<\/a><\/span><!--\/.excerpt-->\n<\/cite><!--\/.author-->\n<\/div><div id=\"quote-1611\" class=\"quote last\" itemprop=\"review\" itemscope itemtype=\"http:\/\/schema.org\/Review\"><blockquote class=\"testimonials-text\" itemprop=\"reviewBody\"><p style=\"text-align: center;\">Joyas Augura son &#8220;obras de arte&#8221; que reflejan pasi\u00f3n, armon\u00eda y dedicaci\u00f3n y que, gracias a su calidad, son una inversi\u00f3n que no pasa de moda. Me siento muy satisfecha del aro que me vendieron.<\/p>\n<\/blockquote><img loading=\"lazy\" decoding=\"async\" width=\"50\" height=\"50\" src=\"https:\/\/augurajoyas.com\/wp-content\/uploads\/2014\/11\/testimonial_avatar3.jpg\" class=\"avatar wp-post-image\" alt=\"\" \/> <cite class=\"author\" itemprop=\"author\" itemscope itemtype=\"http:\/\/schema.org\/Person\"><span itemprop=\"name\">Katherine Navas<\/span> <span class=\"title\" itemprop=\"jobTitle\">Katherine Navas<\/span><!--\/.title-->\n<\/cite><!--\/.author-->\n<\/div><\/div><!--\/.testimonials-list-->\n<div class=\"fix\"><\/div>\n<\/div><!--\/.testimonials-->\n<\/div>\n[\/vc_column][\/vc_row]\n<\/div>","protected":false},"excerpt":{"rendered":"<p>[vc_row css=&#8221;.vc_custom_1535775257883{margin-bottom: 50px !important;}&#8221;][vc_column][vc_single_image image=&#8221;15012&#8243; img_size=&#8221;full&#8221; alignment=&#8221;center&#8221; css=&#8221;.vc_custom_1774230233586{margin-bottom: 15px !important;}&#8221;][vc_custom_heading text=&#8221;Bienvenidos a Augura Joyas&#8221; font_container=&#8221;tag:h2|text_align:center&#8221; use_theme_fonts=&#8221;yes&#8221; css=&#8221;.vc_custom_1774235502640{margin-bottom: 15px !important;}&#8221;][vc_column_text css=&#8221;.vc_custom_1774230325027{margin-bottom: 0px !important;}&#8221;]<\/p>\n","protected":false},"author":1,"featured_media":0,"parent":0,"menu_order":0,"comment_status":"open","ping_status":"open","template":"page-templates\/about.php","meta":{"footnotes":""},"class_list":["post-1977","page","type-page","status-publish","hentry"],"_links":{"self":[{"href":"https:\/\/augurajoyas.com\/index.php\/wp-json\/wp\/v2\/pages\/1977","targetHints":{"allow":["GET"]}}],"collection":[{"href":"https:\/\/augurajoyas.com\/index.php\/wp-json\/wp\/v2\/pages"}],"about":[{"href":"https:\/\/augurajoyas.com\/index.php\/wp-json\/wp\/v2\/types\/page"}],"author":[{"embeddable":true,"href":"https:\/\/augurajoyas.com\/index.php\/wp-json\/wp\/v2\/users\/1"}],"replies":[{"embeddable":true,"href":"https:\/\/augurajoyas.com\/index.php\/wp-json\/wp\/v2\/comments?post=1977"}],"version-history":[{"count":6,"href":"https:\/\/augurajoyas.com\/index.php\/wp-json\/wp\/v2\/pages\/1977\/revisions"}],"predecessor-version":[{"id":15115,"href":"https:\/\/augurajoyas.com\/index.php\/wp-json\/wp\/v2\/pages\/1977\/revisions\/15115"}],"wp:attachment":[{"href":"https:\/\/augurajoyas.com\/index.php\/wp-json\/wp\/v2\/media?parent=1977"}],"curies":[{"name":"wp","href":"https:\/\/api.w.org\/{rel}","templated":true}]}}